{"id":2038,"date":"2025-11-07T11:42:01","date_gmt":"2025-11-07T09:42:01","guid":{"rendered":"https:\/\/www.webman.fi\/bekraftelse-pa-avbokning-av-mote\/"},"modified":"2025-12-16T10:43:05","modified_gmt":"2025-12-16T08:43:05","slug":"bekraftelse-pa-avbokning-av-mote","status":"publish","type":"page","link":"https:\/\/www.webman.fi\/sv\/bekraftelse-pa-avbokning-av-mote\/","title":{"rendered":"Bekr\u00e4ftelse p\u00e5 avbokning av m\u00f6te"},"content":{"rendered":"\t\t<div data-elementor-type=\"wp-page\" data-elementor-id=\"2038\" class=\"elementor elementor-2038 elementor-1735\" data-elementor-post-type=\"page\">\n\t\t\t\t<div class=\"elementor-element elementor-element-7e844b0f e-flex e-con-boxed e-con e-parent\" data-id=\"7e844b0f\" data-element_type=\"container\" data-e-type=\"container\" data-settings=\"{&quot;background_background&quot;:&quot;classic&quot;}\">\n\t\t\t\t\t<div class=\"e-con-inner\">\n\t\t\t\t<div class=\"elementor-element elementor-element-5938d7e elementor-widget elementor-widget-shortcode\" data-id=\"5938d7e\" data-element_type=\"widget\" data-e-type=\"widget\" data-widget_type=\"shortcode.default\">\n\t\t\t\t\t\t\t<div class=\"elementor-shortcode\"><\/div>\n\t\t\t\t\t\t<\/div>\n\t\t\t\t\t<\/div>\n\t\t\t\t<\/div>\n\t\t<div class=\"elementor-element elementor-element-41de7b4 e-flex e-con-boxed e-con e-parent\" data-id=\"41de7b4\" data-element_type=\"container\" data-e-type=\"container\" data-settings=\"{&quot;background_background&quot;:&quot;classic&quot;}\">\n\t\t\t\t\t<div class=\"e-con-inner\">\n\t\t\t\t\t<\/div>\n\t\t\t\t<\/div>\n\t\t\t\t<\/div>\n\t\t","protected":false},"excerpt":{"rendered":"","protected":false},"author":1,"featured_media":0,"parent":0,"menu_order":0,"comment_status":"closed","ping_status":"closed","template":"elementor_header_footer","meta":{"_acf_changed":false,"footnotes":""},"class_list":["post-2038","page","type-page","status-publish","hentry"],"acf":[],"_links":{"self":[{"href":"https:\/\/www.webman.fi\/sv\/wp-json\/wp\/v2\/pages\/2038","targetHints":{"allow":["GET"]}}],"collection":[{"href":"https:\/\/www.webman.fi\/sv\/wp-json\/wp\/v2\/pages"}],"about":[{"href":"https:\/\/www.webman.fi\/sv\/wp-json\/wp\/v2\/types\/page"}],"author":[{"embeddable":true,"href":"https:\/\/www.webman.fi\/sv\/wp-json\/wp\/v2\/users\/1"}],"replies":[{"embeddable":true,"href":"https:\/\/www.webman.fi\/sv\/wp-json\/wp\/v2\/comments?post=2038"}],"version-history":[{"count":2,"href":"https:\/\/www.webman.fi\/sv\/wp-json\/wp\/v2\/pages\/2038\/revisions"}],"predecessor-version":[{"id":3548,"href":"https:\/\/www.webman.fi\/sv\/wp-json\/wp\/v2\/pages\/2038\/revisions\/3548"}],"wp:attachment":[{"href":"https:\/\/www.webman.fi\/sv\/wp-json\/wp\/v2\/media?parent=2038"}],"curies":[{"name":"wp","href":"https:\/\/api.w.org\/{rel}","templated":true}]}}