{"id":2041,"date":"2025-11-07T11:42:01","date_gmt":"2025-11-07T09:42:01","guid":{"rendered":"https:\/\/www.webman.fi\/motet-avbokat\/"},"modified":"2025-12-16T10:43:07","modified_gmt":"2025-12-16T08:43:07","slug":"motet-avbokat","status":"publish","type":"page","link":"https:\/\/www.webman.fi\/sv\/motet-avbokat\/","title":{"rendered":"M\u00f6tet avbokat"},"content":{"rendered":"\t\t<div data-elementor-type=\"wp-page\" data-elementor-id=\"2041\" class=\"elementor elementor-2041 elementor-1733\" data-elementor-post-type=\"page\">\n\t\t\t\t<div class=\"elementor-element elementor-element-1131e7ae e-flex e-con-boxed e-con e-parent\" data-id=\"1131e7ae\" data-element_type=\"container\" data-e-type=\"container\" data-settings=\"{&quot;background_background&quot;:&quot;classic&quot;}\">\n\t\t\t\t\t<div class=\"e-con-inner\">\n\t\t\t\t<div class=\"elementor-element elementor-element-1e3942e elementor-view-default elementor-widget elementor-widget-icon\" data-id=\"1e3942e\" data-element_type=\"widget\" data-e-type=\"widget\" data-widget_type=\"icon.default\">\n\t\t\t\t\t\t\t<div class=\"elementor-icon-wrapper\">\n\t\t\t<div class=\"elementor-icon\">\n\t\t\t<svg aria-hidden=\"true\" class=\"e-font-icon-svg e-far-check-circle\" viewBox=\"0 0 512 512\" xmlns=\"http:\/\/www.w3.org\/2000\/svg\"><path d=\"M256 8C119.033 8 8 119.033 8 256s111.033 248 248 248 248-111.033 248-248S392.967 8 256 8zm0 48c110.532 0 200 89.451 200 200 0 110.532-89.451 200-200 200-110.532 0-200-89.451-200-200 0-110.532 89.451-200 200-200m140.204 130.267l-22.536-22.718c-4.667-4.705-12.265-4.736-16.97-.068L215.346 303.697l-59.792-60.277c-4.667-4.705-12.265-4.736-16.97-.069l-22.719 22.536c-4.705 4.667-4.736 12.265-.068 16.971l90.781 91.516c4.667 4.705 12.265 4.736 16.97.068l172.589-171.204c4.704-4.668 4.734-12.266.067-16.971z\"><\/path><\/svg>\t\t\t<\/div>\n\t\t<\/div>\n\t\t\t\t\t\t<\/div>\n\t\t\t\t<div class=\"elementor-element elementor-element-bb60452 elementor-widget elementor-widget-heading\" data-id=\"bb60452\" data-element_type=\"widget\" data-e-type=\"widget\" data-widget_type=\"heading.default\">\n\t\t\t\t\t<h2 class=\"elementor-heading-title elementor-size-default\">Avbokning bekr\u00e4ftad<\/h2>\t\t\t\t<\/div>\n\t\t\t\t<div class=\"elementor-element elementor-element-210a911d elementor-widget elementor-widget-text-editor\" data-id=\"210a911d\" data-element_type=\"widget\" data-e-type=\"widget\" data-widget_type=\"text-editor.default\">\n\t\t\t\t\t\t\t\t\t<div class=\"bpa-front-cancel-module-container\"><div class=\"bpa-front-cmc__title\" aria-label=\"Sorry to hear that you have requested for cancel the appointment.\"><p>Tr\u00e5kigt att du avbokade demonstrationen av Jobi arbetshanteringsapplikation. Vi har skickat en bekr\u00e4ftelse p\u00e5 avbokningen till din e-post. <\/p><p><strong>Om \u00e4mnet blir aktuellt igen senare, s\u00e5 hittar du oss h\u00e4r, vi hj\u00e4lper dig g\u00e4rna!<\/strong><\/p><\/div><\/div>\t\t\t\t\t\t\t\t<\/div>\n\t\t\t\t\t<\/div>\n\t\t\t\t<\/div>\n\t\t\t\t<\/div>\n\t\t","protected":false},"excerpt":{"rendered":"<p>Avbokning bekr\u00e4ftad Tr\u00e5kigt att du avbokade demonstrationen av Jobi arbetshanteringsapplikation. Vi har skickat en bekr\u00e4ftelse p\u00e5 avbokningen till din e-post. Om \u00e4mnet blir aktuellt igen senare, s\u00e5 hittar du oss h\u00e4r, vi hj\u00e4lper dig g\u00e4rna!<\/p>\n","protected":false},"author":1,"featured_media":0,"parent":0,"menu_order":0,"comment_status":"closed","ping_status":"closed","template":"elementor_header_footer","meta":{"_acf_changed":false,"footnotes":""},"class_list":["post-2041","page","type-page","status-publish","hentry"],"acf":[],"_links":{"self":[{"href":"https:\/\/www.webman.fi\/sv\/wp-json\/wp\/v2\/pages\/2041","targetHints":{"allow":["GET"]}}],"collection":[{"href":"https:\/\/www.webman.fi\/sv\/wp-json\/wp\/v2\/pages"}],"about":[{"href":"https:\/\/www.webman.fi\/sv\/wp-json\/wp\/v2\/types\/page"}],"author":[{"embeddable":true,"href":"https:\/\/www.webman.fi\/sv\/wp-json\/wp\/v2\/users\/1"}],"replies":[{"embeddable":true,"href":"https:\/\/www.webman.fi\/sv\/wp-json\/wp\/v2\/comments?post=2041"}],"version-history":[{"count":2,"href":"https:\/\/www.webman.fi\/sv\/wp-json\/wp\/v2\/pages\/2041\/revisions"}],"predecessor-version":[{"id":3552,"href":"https:\/\/www.webman.fi\/sv\/wp-json\/wp\/v2\/pages\/2041\/revisions\/3552"}],"wp:attachment":[{"href":"https:\/\/www.webman.fi\/sv\/wp-json\/wp\/v2\/media?parent=2041"}],"curies":[{"name":"wp","href":"https:\/\/api.w.org\/{rel}","templated":true}]}}